{"id":10,"date":"2019-01-23T12:47:24","date_gmt":"2019-01-23T12:47:24","guid":{"rendered":"http:\/\/democontent.codex-themes.com\/sites\/agency-light\/?page_id=10"},"modified":"2021-08-21T04:29:40","modified_gmt":"2021-08-21T07:29:40","slug":"ods","status":"publish","type":"page","link":"https:\/\/respect.cl\/index.php\/ods\/","title":{"rendered":"Objetivos de Desarrollo Sostenible"},"content":{"rendered":"<p>[vc_row full_width=&#8221;stretch_row&#8221; css=&#8221;.vc_custom_1624565304817{background-color: #447a75 !important;}&#8221;][vc_column]<div class=\"clearboth\"><\/div><div class=\"gem-divider \" style=\"margin-top: 110px;\"><\/div>[vc_single_image image=&#8221;2749&#8243; img_size=&#8221;large&#8221; alignment=&#8221;center&#8221;][vc_column_text css_animation=&#8221;top-to-bottom&#8221;]<\/p>\n<div class=\"title-h4\" style=\"text-align: center;\"><em><span class=\"light\">Adoptar medidas urgentes para combatir la crisis clim\u00e1tica y sus efectos<\/span><\/em><\/div>\n<p>[\/vc_column_text]<div class=\"clearboth\"><\/div><div class=\"gem-divider \" style=\"margin-top: 32px;\"><\/div><div class=\"clearboth\"><\/div><div class=\"gem-divider \" style=\"margin-top: 34px;\"><\/div><div class=\"clearboth\"><\/div><div class=\"gem-divider \" style=\"margin-top: 12px;\"><\/div>[\/vc_column][\/vc_row][vc_row full_width=&#8221;stretch_row_content&#8221; full_height=&#8221;yes&#8221; disable_custom_paddings_tablet=&#8221;true&#8221; disable_custom_paddings_mobile=&#8221;true&#8221;][vc_column disable_custom_paddings_tablet=&#8221;true&#8221; disable_custom_paddings_mobile=&#8221;true&#8221;]<div class=\"clearboth\"><\/div><div class=\"gem-divider \" style=\"margin-top: 60px;\"><\/div>[vc_column_text css_animation=&#8221;left-to-right&#8221;]<\/p>\n<div class=\"title-h5\" style=\"text-align: center;\"><span style=\"color: #333333;\">La Sostenibilidad Corporativa busca esencialmente maximizar el efecto positivo de la compa\u00f1\u00eda<br \/>\ntanto en lo econ\u00f3mico, como en lo social y lo ambiental.<em><br \/>\nCon este objetivo, se crearon los Objetivos de Desarrollo Sostenible (ODS), los cuales son:\u00a0<\/em><\/span><\/div>\n<p>[\/vc_column_text][vc_raw_html]JTVCZmxpcGJveGVzJTIwaWQlM0QyNDg0JTVE[\/vc_raw_html]<div class=\"clearboth\"><\/div><div class=\"gem-divider \" style=\"margin-top: 30px;\"><\/div>[vc_separator color=&#8221;custom&#8221; border_width=&#8221;2&#8243; el_width=&#8221;90&#8243; accent_color=&#8221;#447a75&#8243; css=&#8221;.vc_custom_1624307667201{margin-top: 10px !important;}&#8221;][\/vc_column][\/vc_row][vc_row full_width=&#8221;stretch_row&#8221; disable_element=&#8221;yes&#8221; disable_custom_paddings_tablet=&#8221;true&#8221; disable_custom_paddings_mobile=&#8221;true&#8221; css=&#8221;.vc_custom_1625328450369{margin-top: 10px !important;padding-right: 90px !important;padding-bottom: 0px !important;padding-left: 90px !important;}&#8221;][vc_column width=&#8221;1\/3&#8243; disable_custom_paddings_tablet=&#8221;true&#8221; disable_custom_paddings_mobile=&#8221;true&#8221; css=&#8221;.vc_custom_1623960075684{border-right-width: 0px !important;border-left-width: 0px !important;padding-right: 60px !important;padding-left: 60px !important;}&#8221;][vc_column_text css_animation=&#8221;left-to-right&#8221;]<\/p>\n<div class=\"title-h5\" style=\"text-align: left;\"><span style=\"color: #447a75;\"><em><strong>Nuestros servicios se alinean a la reportabilidad GRI y siguientes ODS:<\/strong><\/em><\/span><\/div>\n<p>[\/vc_column_text][vc_separator color=&#8221;custom&#8221; align=&#8221;align_left&#8221; border_width=&#8221;3&#8243; el_width=&#8221;50&#8243; accent_color=&#8221;#f9dd11&#8243;][vc_single_image image=&#8221;2575&#8243; img_size=&#8221;medium&#8221; onclick=&#8221;custom_link&#8221; link=&#8221;https:\/\/respect.cl\/index.php\/desarrollosostenible\/&#8221;][\/vc_column][vc_column width=&#8221;2\/3&#8243;][vc_row_inner][vc_column_inner width=&#8221;1\/5&#8243;][vc_single_image image=&#8221;2513&#8243; img_size=&#8221;large&#8221;][\/vc_column_inner][vc_column_inner width=&#8221;1\/5&#8243;][vc_single_image image=&#8221;2510&#8243; img_size=&#8221;large&#8221;][\/vc_column_inner][vc_column_inner width=&#8221;1\/5&#8243;][vc_single_image image=&#8221;2506&#8243; img_size=&#8221;large&#8221;][\/vc_column_inner][vc_column_inner width=&#8221;1\/5&#8243;][vc_single_image image=&#8221;2502&#8243; img_size=&#8221;large&#8221;][\/vc_column_inner][vc_column_inner width=&#8221;1\/5&#8243;][vc_single_image image=&#8221;2508&#8243; img_size=&#8221;large&#8221;][\/vc_column_inner][\/vc_row_inner][\/vc_column][\/vc_row][vc_row full_width=&#8221;stretch_row&#8221; disable_custom_paddings_tablet=&#8221;true&#8221; disable_custom_paddings_mobile=&#8221;true&#8221; css=&#8221;.vc_custom_1624568982798{margin-top: 20px !important;padding-right: 90px !important;padding-bottom: 0px !important;padding-left: 90px !important;}&#8221;][vc_column width=&#8221;1\/3&#8243; disable_custom_paddings_tablet=&#8221;true&#8221; disable_custom_paddings_mobile=&#8221;true&#8221; css=&#8221;.vc_custom_1623960075684{border-right-width: 0px !important;border-left-width: 0px !important;padding-right: 60px !important;padding-left: 60px !important;}&#8221;][vc_column_text css_animation=&#8221;left-to-right&#8221;]<\/p>\n<div class=\"title-h5\" style=\"text-align: left;\"><span style=\"color: #447a75;\"><em><strong>Nuestros servicios y proyectos se alinean a la reportabilidad GRI y siguientes ODS:<\/strong><\/em><\/span><\/div>\n<p>[\/vc_column_text][vc_separator color=&#8221;custom&#8221; align=&#8221;align_left&#8221; border_width=&#8221;3&#8243; el_width=&#8221;50&#8243; accent_color=&#8221;#f9dd11&#8243;][vc_single_image image=&#8221;2575&#8243; img_size=&#8221;medium&#8221; onclick=&#8221;custom_link&#8221; link=&#8221;https:\/\/respect.cl\/index.php\/desarrollosostenible\/&#8221;][\/vc_column][vc_column width=&#8221;2\/3&#8243;][vc_row_inner][vc_column_inner width=&#8221;1\/6&#8243; css=&#8221;.vc_custom_1625106601632{margin-right: 0px !important;margin-left: 0px !important;border-right-width: 0px !important;border-left-width: 0px !important;padding-right: 3px !important;padding-left: 3px !important;}&#8221; offset=&#8221;vc_col-xs-2&#8243;][vc_single_image image=&#8221;2515&#8243;][\/vc_column_inner][vc_column_inner width=&#8221;1\/6&#8243; offset=&#8221;vc_col-xs-2&#8243; css=&#8221;.vc_custom_1625106616010{margin-right: 0px !important;margin-left: 0px !important;border-right-width: 0px !important;border-left-width: 0px !important;padding-right: 3px !important;padding-left: 3px !important;}&#8221;][vc_single_image image=&#8221;2513&#8243;][\/vc_column_inner][vc_column_inner width=&#8221;1\/6&#8243; offset=&#8221;vc_col-xs-2&#8243; css=&#8221;.vc_custom_1625106624908{margin-right: 0px !important;margin-left: 0px !important;border-right-width: 0px !important;border-left-width: 0px !important;padding-right: 3px !important;padding-left: 3px !important;}&#8221;][vc_single_image image=&#8221;2510&#8243;][\/vc_column_inner][vc_column_inner width=&#8221;1\/6&#8243; offset=&#8221;vc_col-xs-2&#8243; css=&#8221;.vc_custom_1625106630815{margin-right: 0px !important;margin-left: 0px !important;border-right-width: 0px !important;border-left-width: 0px !important;padding-right: 3px !important;padding-left: 3px !important;}&#8221;][vc_single_image image=&#8221;2506&#8243;][\/vc_column_inner][vc_column_inner width=&#8221;1\/6&#8243; offset=&#8221;vc_col-xs-2&#8243; css=&#8221;.vc_custom_1625106636765{margin-right: 0px !important;margin-left: 0px !important;border-right-width: 0px !important;border-left-width: 0px !important;padding-right: 3px !important;padding-left: 3px !important;}&#8221;][vc_single_image image=&#8221;2502&#8243;][\/vc_column_inner][vc_column_inner width=&#8221;1\/6&#8243; offset=&#8221;vc_col-xs-2&#8243; css=&#8221;.vc_custom_1625106644303{margin-right: 0px !important;margin-left: 0px !important;border-right-width: 0px !important;border-left-width: 0px !important;padding-right: 3px !important;padding-left: 3px !important;}&#8221;][vc_single_image image=&#8221;2508&#8243;][\/vc_column_inner][\/vc_row_inner][\/vc_column][\/vc_row]<\/p>\n","protected":false},"excerpt":{"rendered":"<p>[vc_row full_width=&#8221;stretch_row&#8221; css=&#8221;.vc_custom_1624565304817{background-color: #447a75 !important;}&#8221;][vc_column][vc_single_image image=&#8221;2749&#8243; img_size=&#8221;large&#8221; alignment=&#8221;center&#8221;][vc_column_text css_animation=&#8221;top-to-bottom&#8221;] Adoptar medidas urgentes para combatir la crisis clim\u00e1tica y sus efectos&#8230;<\/p>\n","protected":false},"author":1,"featured_media":0,"parent":0,"menu_order":0,"comment_status":"closed","ping_status":"closed","template":"","meta":{"footnotes":""},"class_list":["post-10","page","type-page","status-publish"],"yoast_head":"<!-- This site is optimized with the Yoast SEO plugin v27.4 - https:\/\/yoast.com\/product\/yoast-seo-wordpress\/ -->\n<title>Respect - Objetivos de Desarrollo Sostenible (ODS)<\/title>\n<meta name=\"description\" content=\"La Sostenibilidad Corporativa busca esencialmente maximizar el efecto positivo de la compa\u00f1\u00eda tanto en lo econ\u00f3mico, como en lo social y lo ambiental. Con este objetivo, se crearon los Objetivos de Desarrollo Sostenible (ODS), Respect te ayuda en implementarlos.\" \/>\n<meta name=\"robots\" content=\"index, follow, max-snippet:-1, max-image-preview:large, max-video-preview:-1\" \/>\n<link rel=\"canonical\" href=\"https:\/\/respect.cl\/index.php\/ods\/\" \/>\n<meta property=\"og:locale\" content=\"es_ES\" \/>\n<meta property=\"og:type\" content=\"article\" \/>\n<meta property=\"og:title\" content=\"Respect - Objetivos de Desarrollo Sostenible (ODS)\" \/>\n<meta property=\"og:description\" content=\"La Sostenibilidad Corporativa busca esencialmente maximizar el efecto positivo de la compa\u00f1\u00eda tanto en lo econ\u00f3mico, como en lo social y lo ambiental. Con este objetivo, se crearon los Objetivos de Desarrollo Sostenible (ODS), Respect te ayuda en implementarlos.\" \/>\n<meta property=\"og:url\" content=\"https:\/\/respect.cl\/index.php\/ods\/\" \/>\n<meta property=\"og:site_name\" content=\"Respect\" \/>\n<meta property=\"article:publisher\" content=\"https:\/\/www.facebook.com\/RespectCL\/\" \/>\n<meta property=\"article:modified_time\" content=\"2021-08-21T07:29:40+00:00\" \/>\n<meta property=\"og:image\" content=\"https:\/\/respect.cl\/wp-content\/uploads\/2021\/06\/respect.jpg\" \/>\n\t<meta property=\"og:image:width\" content=\"550\" \/>\n\t<meta property=\"og:image:height\" content=\"550\" \/>\n\t<meta property=\"og:image:type\" content=\"image\/jpeg\" \/>\n<meta name=\"twitter:card\" content=\"summary_large_image\" \/>\n<meta name=\"twitter:label1\" content=\"Tiempo estimado de lectura\" \/>\n\t<meta name=\"twitter:data1\" content=\"4 minutos\" \/>\n<script type=\"application\/ld+json\" class=\"yoast-schema-graph\">{\"@context\":\"https:\\\/\\\/schema.org\",\"@graph\":[{\"@type\":\"WebPage\",\"@id\":\"https:\\\/\\\/respect.cl\\\/index.php\\\/ods\\\/\",\"url\":\"https:\\\/\\\/respect.cl\\\/index.php\\\/ods\\\/\",\"name\":\"Respect - Objetivos de Desarrollo Sostenible (ODS)\",\"isPartOf\":{\"@id\":\"https:\\\/\\\/respect.cl\\\/#website\"},\"datePublished\":\"2019-01-23T12:47:24+00:00\",\"dateModified\":\"2021-08-21T07:29:40+00:00\",\"description\":\"La Sostenibilidad Corporativa busca esencialmente maximizar el efecto positivo de la compa\u00f1\u00eda tanto en lo econ\u00f3mico, como en lo social y lo ambiental. Con este objetivo, se crearon los Objetivos de Desarrollo Sostenible (ODS), Respect te ayuda en implementarlos.\",\"breadcrumb\":{\"@id\":\"https:\\\/\\\/respect.cl\\\/index.php\\\/ods\\\/#breadcrumb\"},\"inLanguage\":\"es-CL\",\"potentialAction\":[{\"@type\":\"ReadAction\",\"target\":[\"https:\\\/\\\/respect.cl\\\/index.php\\\/ods\\\/\"]}]},{\"@type\":\"BreadcrumbList\",\"@id\":\"https:\\\/\\\/respect.cl\\\/index.php\\\/ods\\\/#breadcrumb\",\"itemListElement\":[{\"@type\":\"ListItem\",\"position\":1,\"name\":\"Portada\",\"item\":\"https:\\\/\\\/respect.cl\\\/\"},{\"@type\":\"ListItem\",\"position\":2,\"name\":\"Objetivos de Desarrollo Sostenible\"}]},{\"@type\":\"WebSite\",\"@id\":\"https:\\\/\\\/respect.cl\\\/#website\",\"url\":\"https:\\\/\\\/respect.cl\\\/\",\"name\":\"Respect\",\"description\":\"Agencia en Sostenibilidad\",\"publisher\":{\"@id\":\"https:\\\/\\\/respect.cl\\\/#organization\"},\"potentialAction\":[{\"@type\":\"SearchAction\",\"target\":{\"@type\":\"EntryPoint\",\"urlTemplate\":\"https:\\\/\\\/respect.cl\\\/?s={search_term_string}\"},\"query-input\":{\"@type\":\"PropertyValueSpecification\",\"valueRequired\":true,\"valueName\":\"search_term_string\"}}],\"inLanguage\":\"es-CL\"},{\"@type\":\"Organization\",\"@id\":\"https:\\\/\\\/respect.cl\\\/#organization\",\"name\":\"Respect\",\"url\":\"https:\\\/\\\/respect.cl\\\/\",\"logo\":{\"@type\":\"ImageObject\",\"inLanguage\":\"es-CL\",\"@id\":\"https:\\\/\\\/respect.cl\\\/#\\\/schema\\\/logo\\\/image\\\/\",\"url\":\"https:\\\/\\\/respect.cl\\\/wp-content\\\/uploads\\\/2021\\\/06\\\/Sitio.png\",\"contentUrl\":\"https:\\\/\\\/respect.cl\\\/wp-content\\\/uploads\\\/2021\\\/06\\\/Sitio.png\",\"width\":630,\"height\":132,\"caption\":\"Respect\"},\"image\":{\"@id\":\"https:\\\/\\\/respect.cl\\\/#\\\/schema\\\/logo\\\/image\\\/\"},\"sameAs\":[\"https:\\\/\\\/www.facebook.com\\\/RespectCL\\\/\",\"https:\\\/\\\/www.instagram.com\\\/respect.cl\\\/\",\"https:\\\/\\\/www.linkedin.com\\\/company\\\/respect-chile\\\/\"]}]}<\/script>\n<!-- \/ Yoast SEO plugin. -->","yoast_head_json":{"title":"Respect - Objetivos de Desarrollo Sostenible (ODS)","description":"La Sostenibilidad Corporativa busca esencialmente maximizar el efecto positivo de la compa\u00f1\u00eda tanto en lo econ\u00f3mico, como en lo social y lo ambiental. Con este objetivo, se crearon los Objetivos de Desarrollo Sostenible (ODS), Respect te ayuda en implementarlos.","robots":{"index":"index","follow":"follow","max-snippet":"max-snippet:-1","max-image-preview":"max-image-preview:large","max-video-preview":"max-video-preview:-1"},"canonical":"https:\/\/respect.cl\/index.php\/ods\/","og_locale":"es_ES","og_type":"article","og_title":"Respect - Objetivos de Desarrollo Sostenible (ODS)","og_description":"La Sostenibilidad Corporativa busca esencialmente maximizar el efecto positivo de la compa\u00f1\u00eda tanto en lo econ\u00f3mico, como en lo social y lo ambiental. Con este objetivo, se crearon los Objetivos de Desarrollo Sostenible (ODS), Respect te ayuda en implementarlos.","og_url":"https:\/\/respect.cl\/index.php\/ods\/","og_site_name":"Respect","article_publisher":"https:\/\/www.facebook.com\/RespectCL\/","article_modified_time":"2021-08-21T07:29:40+00:00","og_image":[{"width":550,"height":550,"url":"https:\/\/respect.cl\/wp-content\/uploads\/2021\/06\/respect.jpg","type":"image\/jpeg"}],"twitter_card":"summary_large_image","twitter_misc":{"Tiempo estimado de lectura":"4 minutos"},"schema":{"@context":"https:\/\/schema.org","@graph":[{"@type":"WebPage","@id":"https:\/\/respect.cl\/index.php\/ods\/","url":"https:\/\/respect.cl\/index.php\/ods\/","name":"Respect - Objetivos de Desarrollo Sostenible (ODS)","isPartOf":{"@id":"https:\/\/respect.cl\/#website"},"datePublished":"2019-01-23T12:47:24+00:00","dateModified":"2021-08-21T07:29:40+00:00","description":"La Sostenibilidad Corporativa busca esencialmente maximizar el efecto positivo de la compa\u00f1\u00eda tanto en lo econ\u00f3mico, como en lo social y lo ambiental. Con este objetivo, se crearon los Objetivos de Desarrollo Sostenible (ODS), Respect te ayuda en implementarlos.","breadcrumb":{"@id":"https:\/\/respect.cl\/index.php\/ods\/#breadcrumb"},"inLanguage":"es-CL","potentialAction":[{"@type":"ReadAction","target":["https:\/\/respect.cl\/index.php\/ods\/"]}]},{"@type":"BreadcrumbList","@id":"https:\/\/respect.cl\/index.php\/ods\/#breadcrumb","itemListElement":[{"@type":"ListItem","position":1,"name":"Portada","item":"https:\/\/respect.cl\/"},{"@type":"ListItem","position":2,"name":"Objetivos de Desarrollo Sostenible"}]},{"@type":"WebSite","@id":"https:\/\/respect.cl\/#website","url":"https:\/\/respect.cl\/","name":"Respect","description":"Agencia en Sostenibilidad","publisher":{"@id":"https:\/\/respect.cl\/#organization"},"potentialAction":[{"@type":"SearchAction","target":{"@type":"EntryPoint","urlTemplate":"https:\/\/respect.cl\/?s={search_term_string}"},"query-input":{"@type":"PropertyValueSpecification","valueRequired":true,"valueName":"search_term_string"}}],"inLanguage":"es-CL"},{"@type":"Organization","@id":"https:\/\/respect.cl\/#organization","name":"Respect","url":"https:\/\/respect.cl\/","logo":{"@type":"ImageObject","inLanguage":"es-CL","@id":"https:\/\/respect.cl\/#\/schema\/logo\/image\/","url":"https:\/\/respect.cl\/wp-content\/uploads\/2021\/06\/Sitio.png","contentUrl":"https:\/\/respect.cl\/wp-content\/uploads\/2021\/06\/Sitio.png","width":630,"height":132,"caption":"Respect"},"image":{"@id":"https:\/\/respect.cl\/#\/schema\/logo\/image\/"},"sameAs":["https:\/\/www.facebook.com\/RespectCL\/","https:\/\/www.instagram.com\/respect.cl\/","https:\/\/www.linkedin.com\/company\/respect-chile\/"]}]}},"_links":{"self":[{"href":"https:\/\/respect.cl\/index.php\/wp-json\/wp\/v2\/pages\/10","targetHints":{"allow":["GET"]}}],"collection":[{"href":"https:\/\/respect.cl\/index.php\/wp-json\/wp\/v2\/pages"}],"about":[{"href":"https:\/\/respect.cl\/index.php\/wp-json\/wp\/v2\/types\/page"}],"author":[{"embeddable":true,"href":"https:\/\/respect.cl\/index.php\/wp-json\/wp\/v2\/users\/1"}],"replies":[{"embeddable":true,"href":"https:\/\/respect.cl\/index.php\/wp-json\/wp\/v2\/comments?post=10"}],"version-history":[{"count":59,"href":"https:\/\/respect.cl\/index.php\/wp-json\/wp\/v2\/pages\/10\/revisions"}],"predecessor-version":[{"id":3738,"href":"https:\/\/respect.cl\/index.php\/wp-json\/wp\/v2\/pages\/10\/revisions\/3738"}],"wp:attachment":[{"href":"https:\/\/respect.cl\/index.php\/wp-json\/wp\/v2\/media?parent=10"}],"curies":[{"name":"wp","href":"https:\/\/api.w.org\/{rel}","templated":true}]}}