{"id":2482,"date":"2021-06-17T17:04:25","date_gmt":"2021-06-17T20:04:25","guid":{"rendered":"https:\/\/respect.cl\/?page_id=2482"},"modified":"2021-06-26T15:48:10","modified_gmt":"2021-06-26T18:48:10","slug":"contacto","status":"publish","type":"page","link":"https:\/\/respect.cl\/index.php\/contacto\/","title":{"rendered":"Contacto"},"content":{"rendered":"<p>[vc_row css=&#8221;.vc_custom_1587123942782{margin-bottom: 0px !important;}&#8221; custom_css_code=&#8221;LmxpbmUtc3R5bGUlN0IlMEElMjAlMjAlMjAlMjBwb3NpdGlvbiUzQSUyMHJlbGF0aXZlJTNCJTBBJTIwJTIwJTIwJTIwZGlzcGxheSUzQSUyMGlubGluZS1ibG9jayUzQiUwQSUyMCUyMCUyMCUyMHotaW5kZXglM0ElMjA1JTNCJTBBJTdEJTBBLmxpbmUtc3R5bGUlM0FiZWZvcmUlMjAlN0IlMEElMjAlMjAlMjAlMjBjb250ZW50JTNBJTIwJTI3JTI3JTNCJTBBJTIwJTIwJTIwJTIwcG9zaXRpb24lM0ElMjBhYnNvbHV0ZSUzQiUwQSUyMCUyMCUyMCUyMHRvcCUzQSUyMDUwJTI1JTNCJTBBJTIwJTIwJTIwJTIwbGVmdCUzQSUyMDAlM0IlMEElMjAlMjAlMjAlMjB3aWR0aCUzQSUyMDEwMCUyNSUzQiUwQSUyMCUyMCUyMCUyMGhlaWdodCUzQSUyMDQwJTI1JTNCJTBBJTIwJTIwJTIwJTIwYmFja2dyb3VuZCUzQSUyMCUyM2VlZmY0MSUzQiUwQSUyMCUyMCUyMCUyMHotaW5kZXglM0ElMjAtMSUzQiUwQSU3RA==&#8221;][vc_column]<div class=\"clearboth\"><\/div><div class=\"gem-divider \" style=\"margin-top: 160px;\"><\/div>[vc_column_text css_animation=&#8221;bottom-to-top&#8221; el_id=&#8221;contacto&#8221;]<\/p>\n<div class=\"title-h1\" style=\"text-transform: none; text-align: center;\"><span style=\"letter-spacing: normal; color: #f9dd11;\">Formulario de contacto<\/span><\/div>\n<p>[\/vc_column_text]<div class=\"clearboth\"><\/div><div class=\"gem-divider \" style=\"margin-top: 60px;\"><\/div>[vc_column_text css_animation=&#8221;bottom-to-top&#8221;]<\/p>\n<h6 style=\"text-align: center;\"><span class=\"light\"><em><strong>\u00bfTienes alguna duda o quieres cotizar nuestros servicios?<\/strong><\/em><br \/>\nCompleta el formulario y te contactaremos a la brevedad.<\/span><\/h6>\n<p>[\/vc_column_text]<div class=\"clearboth\"><\/div><div class=\"gem-divider \" style=\"margin-top: 30px;\"><\/div>\n<div class=\"wpcf7 no-js\" id=\"wpcf7-f3462-o1\" lang=\"es-CL\" dir=\"ltr\" data-wpcf7-id=\"3462\">\n<div class=\"screen-reader-response\"><p role=\"status\" aria-live=\"polite\" aria-atomic=\"true\"><\/p> <ul><\/ul><\/div>\n<form action=\"\/index.php\/wp-json\/wp\/v2\/pages\/2482#wpcf7-f3462-o1\" method=\"post\" class=\"wpcf7-form init\" aria-label=\"Formulario de contacto\" novalidate=\"novalidate\" data-status=\"init\">\n<fieldset class=\"hidden-fields-container\"><input type=\"hidden\" name=\"_wpcf7\" value=\"3462\" \/><input type=\"hidden\" name=\"_wpcf7_version\" value=\"6.1.4\" \/><input type=\"hidden\" name=\"_wpcf7_locale\" value=\"es_CL\" \/><input type=\"hidden\" name=\"_wpcf7_unit_tag\" value=\"wpcf7-f3462-o1\" \/><input type=\"hidden\" name=\"_wpcf7_container_post\" value=\"0\" \/><input type=\"hidden\" name=\"_wpcf7_posted_data_hash\" value=\"\" \/><input type=\"hidden\" name=\"_wpcf7_recaptcha_response\" value=\"\" \/>\n<\/fieldset>\n<p><label> Nombre<br \/>\n<span class=\"wpcf7-form-control-wrap\" data-name=\"your-name\"><input size=\"40\" maxlength=\"400\" class=\"wpcf7-form-control wpcf7-text wpcf7-validates-as-required\" aria-required=\"true\" aria-invalid=\"false\" value=\"\" type=\"text\" name=\"your-name\" \/><\/span> <\/label>\n<\/p>\n<p><label> Apellido<br \/>\n<span class=\"wpcf7-form-control-wrap\" data-name=\"your-lastname\"><input size=\"40\" maxlength=\"400\" class=\"wpcf7-form-control wpcf7-text wpcf7-validates-as-required\" aria-required=\"true\" aria-invalid=\"false\" value=\"\" type=\"text\" name=\"your-lastname\" \/><\/span> <\/label>\n<\/p>\n<p><label> Email<br \/>\n<span class=\"wpcf7-form-control-wrap\" data-name=\"your-email\"><input size=\"40\" maxlength=\"400\" class=\"wpcf7-form-control wpcf7-email wpcf7-validates-as-required wpcf7-text wpcf7-validates-as-email\" aria-required=\"true\" aria-invalid=\"false\" value=\"\" type=\"email\" name=\"your-email\" \/><\/span> <\/label>\n<\/p>\n<p><label> Telefono<br \/>\n<span class=\"wpcf7-form-control-wrap\" data-name=\"tel-144\"><input size=\"40\" maxlength=\"400\" class=\"wpcf7-form-control wpcf7-tel wpcf7-text wpcf7-validates-as-tel\" aria-invalid=\"false\" value=\"\" type=\"tel\" name=\"tel-144\" \/><\/span> <\/label>\n<\/p>\n<p><label> Mensaje<br \/>\n<span class=\"wpcf7-form-control-wrap\" data-name=\"your-message\"><textarea cols=\"40\" rows=\"10\" maxlength=\"2000\" class=\"wpcf7-form-control wpcf7-textarea\" aria-invalid=\"false\" name=\"your-message\"><\/textarea><\/span> <\/label>\n<\/p>\n<p><input class=\"wpcf7-form-control wpcf7-submit\" type=\"submit\" value=\"ENVIAR\" \/>\n<\/p><div class=\"wpcf7-response-output\" aria-hidden=\"true\"><\/div>\n<\/form>\n<\/div>\n<div class=\"clearboth\"><\/div><div class=\"gem-divider \" style=\"margin-top: 50px;\"><\/div>[\/vc_column][\/vc_row]<\/p>\n","protected":false},"excerpt":{"rendered":"<p>[vc_row css=&#8221;.vc_custom_1587123942782{margin-bottom: 0px !important;}&#8221; custom_css_code=&#8221;LmxpbmUtc3R5bGUlN0IlMEElMjAlMjAlMjAlMjBwb3NpdGlvbiUzQSUyMHJlbGF0aXZlJTNCJTBBJTIwJTIwJTIwJTIwZGlzcGxheSUzQSUyMGlubGluZS1ibG9jayUzQiUwQSUyMCUyMCUyMCUyMHotaW5kZXglM0ElMjA1JTNCJTBBJTdEJTBBLmxpbmUtc3R5bGUlM0FiZWZvcmUlMjAlN0IlMEElMjAlMjAlMjAlMjBjb250ZW50JTNBJTIwJTI3JTI3JTNCJTBBJTIwJTIwJTIwJTIwcG9zaXRpb24lM0ElMjBhYnNvbHV0ZSUzQiUwQSUyMCUyMCUyMCUyMHRvcCUzQSUyMDUwJTI1JTNCJTBBJTIwJTIwJTIwJTIwbGVmdCUzQSUyMDAlM0IlMEElMjAlMjAlMjAlMjB3aWR0aCUzQSUyMDEwMCUyNSUzQiUwQSUyMCUyMCUyMCUyMGhlaWdodCUzQSUyMDQwJTI1JTNCJTBBJTIwJTIwJTIwJTIwYmFja2dyb3VuZCUzQSUyMCUyM2VlZmY0MSUzQiUwQSUyMCUyMCUyMCUyMHotaW5kZXglM0ElMjAtMSUzQiUwQSU3RA==&#8221;][vc_column][vc_column_text css_animation=&#8221;bottom-to-top&#8221; el_id=&#8221;contacto&#8221;] Formulario de contacto [\/vc_column_text][vc_column_text css_animation=&#8221;bottom-to-top&#8221;] \u00bfTienes alguna duda o quieres cotizar nuestros servicios?&#8230;<\/p>\n","protected":false},"author":1,"featured_media":0,"parent":0,"menu_order":0,"comment_status":"closed","ping_status":"closed","template":"","meta":{"footnotes":""},"class_list":["post-2482","page","type-page","status-publish"],"yoast_head":"<!-- This site is optimized with the Yoast SEO plugin v26.9 - https:\/\/yoast.com\/product\/yoast-seo-wordpress\/ -->\n<title>Contacto - Respect<\/title>\n<meta name=\"description\" content=\"Respect pone a su disposici\u00f3n una oferta multiservicios de asesor\u00eda y consultor\u00eda a medida, que busca satisfacer sus necesidades de sostenibilidad, gesti\u00f3n de riesgo y mejoramiento continuo.\" \/>\n<meta name=\"robots\" content=\"index, follow, max-snippet:-1, max-image-preview:large, max-video-preview:-1\" \/>\n<link rel=\"canonical\" href=\"https:\/\/respect.cl\/index.php\/contacto\/\" \/>\n<meta property=\"og:locale\" content=\"es_ES\" \/>\n<meta property=\"og:type\" content=\"article\" \/>\n<meta property=\"og:title\" content=\"Contacto - Respect\" \/>\n<meta property=\"og:description\" content=\"Respect pone a su disposici\u00f3n una oferta multiservicios de asesor\u00eda y consultor\u00eda a medida, que busca satisfacer sus necesidades de sostenibilidad, gesti\u00f3n de riesgo y mejoramiento continuo.\" \/>\n<meta property=\"og:url\" content=\"https:\/\/respect.cl\/index.php\/contacto\/\" \/>\n<meta property=\"og:site_name\" content=\"Respect\" \/>\n<meta property=\"article:publisher\" content=\"https:\/\/www.facebook.com\/RespectCL\/\" \/>\n<meta property=\"article:modified_time\" content=\"2021-06-26T18:48:10+00:00\" \/>\n<meta property=\"og:image\" content=\"https:\/\/respect.cl\/wp-content\/uploads\/2021\/06\/respect.jpg\" \/>\n\t<meta property=\"og:image:width\" content=\"550\" \/>\n\t<meta property=\"og:image:height\" content=\"550\" \/>\n\t<meta property=\"og:image:type\" content=\"image\/jpeg\" \/>\n<meta name=\"twitter:card\" content=\"summary_large_image\" \/>\n<meta name=\"twitter:label1\" content=\"Tiempo estimado de lectura\" \/>\n\t<meta name=\"twitter:data1\" content=\"1 minuto\" \/>\n<script type=\"application\/ld+json\" class=\"yoast-schema-graph\">{\"@context\":\"https:\/\/schema.org\",\"@graph\":[{\"@type\":\"WebPage\",\"@id\":\"https:\/\/respect.cl\/index.php\/contacto\/\",\"url\":\"https:\/\/respect.cl\/index.php\/contacto\/\",\"name\":\"Contacto - Respect\",\"isPartOf\":{\"@id\":\"https:\/\/respect.cl\/#website\"},\"datePublished\":\"2021-06-17T20:04:25+00:00\",\"dateModified\":\"2021-06-26T18:48:10+00:00\",\"description\":\"Respect pone a su disposici\u00f3n una oferta multiservicios de asesor\u00eda y consultor\u00eda a medida, que busca satisfacer sus necesidades de sostenibilidad, gesti\u00f3n de riesgo y mejoramiento continuo.\",\"breadcrumb\":{\"@id\":\"https:\/\/respect.cl\/index.php\/contacto\/#breadcrumb\"},\"inLanguage\":\"es-CL\",\"potentialAction\":[{\"@type\":\"ReadAction\",\"target\":[\"https:\/\/respect.cl\/index.php\/contacto\/\"]}]},{\"@type\":\"BreadcrumbList\",\"@id\":\"https:\/\/respect.cl\/index.php\/contacto\/#breadcrumb\",\"itemListElement\":[{\"@type\":\"ListItem\",\"position\":1,\"name\":\"Portada\",\"item\":\"https:\/\/respect.cl\/\"},{\"@type\":\"ListItem\",\"position\":2,\"name\":\"Contacto\"}]},{\"@type\":\"WebSite\",\"@id\":\"https:\/\/respect.cl\/#website\",\"url\":\"https:\/\/respect.cl\/\",\"name\":\"Respect\",\"description\":\"Agencia en Sostenibilidad\",\"publisher\":{\"@id\":\"https:\/\/respect.cl\/#organization\"},\"potentialAction\":[{\"@type\":\"SearchAction\",\"target\":{\"@type\":\"EntryPoint\",\"urlTemplate\":\"https:\/\/respect.cl\/?s={search_term_string}\"},\"query-input\":{\"@type\":\"PropertyValueSpecification\",\"valueRequired\":true,\"valueName\":\"search_term_string\"}}],\"inLanguage\":\"es-CL\"},{\"@type\":\"Organization\",\"@id\":\"https:\/\/respect.cl\/#organization\",\"name\":\"Respect\",\"url\":\"https:\/\/respect.cl\/\",\"logo\":{\"@type\":\"ImageObject\",\"inLanguage\":\"es-CL\",\"@id\":\"https:\/\/respect.cl\/#\/schema\/logo\/image\/\",\"url\":\"https:\/\/respect.cl\/wp-content\/uploads\/2021\/06\/Sitio.png\",\"contentUrl\":\"https:\/\/respect.cl\/wp-content\/uploads\/2021\/06\/Sitio.png\",\"width\":630,\"height\":132,\"caption\":\"Respect\"},\"image\":{\"@id\":\"https:\/\/respect.cl\/#\/schema\/logo\/image\/\"},\"sameAs\":[\"https:\/\/www.facebook.com\/RespectCL\/\",\"https:\/\/www.instagram.com\/respect.cl\/\",\"https:\/\/www.linkedin.com\/company\/respect-chile\/\"]}]}<\/script>\n<!-- \/ Yoast SEO plugin. -->","yoast_head_json":{"title":"Contacto - Respect","description":"Respect pone a su disposici\u00f3n una oferta multiservicios de asesor\u00eda y consultor\u00eda a medida, que busca satisfacer sus necesidades de sostenibilidad, gesti\u00f3n de riesgo y mejoramiento continuo.","robots":{"index":"index","follow":"follow","max-snippet":"max-snippet:-1","max-image-preview":"max-image-preview:large","max-video-preview":"max-video-preview:-1"},"canonical":"https:\/\/respect.cl\/index.php\/contacto\/","og_locale":"es_ES","og_type":"article","og_title":"Contacto - Respect","og_description":"Respect pone a su disposici\u00f3n una oferta multiservicios de asesor\u00eda y consultor\u00eda a medida, que busca satisfacer sus necesidades de sostenibilidad, gesti\u00f3n de riesgo y mejoramiento continuo.","og_url":"https:\/\/respect.cl\/index.php\/contacto\/","og_site_name":"Respect","article_publisher":"https:\/\/www.facebook.com\/RespectCL\/","article_modified_time":"2021-06-26T18:48:10+00:00","og_image":[{"width":550,"height":550,"url":"https:\/\/respect.cl\/wp-content\/uploads\/2021\/06\/respect.jpg","type":"image\/jpeg"}],"twitter_card":"summary_large_image","twitter_misc":{"Tiempo estimado de lectura":"1 minuto"},"schema":{"@context":"https:\/\/schema.org","@graph":[{"@type":"WebPage","@id":"https:\/\/respect.cl\/index.php\/contacto\/","url":"https:\/\/respect.cl\/index.php\/contacto\/","name":"Contacto - Respect","isPartOf":{"@id":"https:\/\/respect.cl\/#website"},"datePublished":"2021-06-17T20:04:25+00:00","dateModified":"2021-06-26T18:48:10+00:00","description":"Respect pone a su disposici\u00f3n una oferta multiservicios de asesor\u00eda y consultor\u00eda a medida, que busca satisfacer sus necesidades de sostenibilidad, gesti\u00f3n de riesgo y mejoramiento continuo.","breadcrumb":{"@id":"https:\/\/respect.cl\/index.php\/contacto\/#breadcrumb"},"inLanguage":"es-CL","potentialAction":[{"@type":"ReadAction","target":["https:\/\/respect.cl\/index.php\/contacto\/"]}]},{"@type":"BreadcrumbList","@id":"https:\/\/respect.cl\/index.php\/contacto\/#breadcrumb","itemListElement":[{"@type":"ListItem","position":1,"name":"Portada","item":"https:\/\/respect.cl\/"},{"@type":"ListItem","position":2,"name":"Contacto"}]},{"@type":"WebSite","@id":"https:\/\/respect.cl\/#website","url":"https:\/\/respect.cl\/","name":"Respect","description":"Agencia en Sostenibilidad","publisher":{"@id":"https:\/\/respect.cl\/#organization"},"potentialAction":[{"@type":"SearchAction","target":{"@type":"EntryPoint","urlTemplate":"https:\/\/respect.cl\/?s={search_term_string}"},"query-input":{"@type":"PropertyValueSpecification","valueRequired":true,"valueName":"search_term_string"}}],"inLanguage":"es-CL"},{"@type":"Organization","@id":"https:\/\/respect.cl\/#organization","name":"Respect","url":"https:\/\/respect.cl\/","logo":{"@type":"ImageObject","inLanguage":"es-CL","@id":"https:\/\/respect.cl\/#\/schema\/logo\/image\/","url":"https:\/\/respect.cl\/wp-content\/uploads\/2021\/06\/Sitio.png","contentUrl":"https:\/\/respect.cl\/wp-content\/uploads\/2021\/06\/Sitio.png","width":630,"height":132,"caption":"Respect"},"image":{"@id":"https:\/\/respect.cl\/#\/schema\/logo\/image\/"},"sameAs":["https:\/\/www.facebook.com\/RespectCL\/","https:\/\/www.instagram.com\/respect.cl\/","https:\/\/www.linkedin.com\/company\/respect-chile\/"]}]}},"_links":{"self":[{"href":"https:\/\/respect.cl\/index.php\/wp-json\/wp\/v2\/pages\/2482","targetHints":{"allow":["GET"]}}],"collection":[{"href":"https:\/\/respect.cl\/index.php\/wp-json\/wp\/v2\/pages"}],"about":[{"href":"https:\/\/respect.cl\/index.php\/wp-json\/wp\/v2\/types\/page"}],"author":[{"embeddable":true,"href":"https:\/\/respect.cl\/index.php\/wp-json\/wp\/v2\/users\/1"}],"replies":[{"embeddable":true,"href":"https:\/\/respect.cl\/index.php\/wp-json\/wp\/v2\/comments?post=2482"}],"version-history":[{"count":10,"href":"https:\/\/respect.cl\/index.php\/wp-json\/wp\/v2\/pages\/2482\/revisions"}],"predecessor-version":[{"id":3485,"href":"https:\/\/respect.cl\/index.php\/wp-json\/wp\/v2\/pages\/2482\/revisions\/3485"}],"wp:attachment":[{"href":"https:\/\/respect.cl\/index.php\/wp-json\/wp\/v2\/media?parent=2482"}],"curies":[{"name":"wp","href":"https:\/\/api.w.org\/{rel}","templated":true}]}}